{"id":1714,"date":"2025-03-22T21:40:18","date_gmt":"2025-03-22T20:40:18","guid":{"rendered":"https:\/\/coplitele.uib.es\/red\/?page_id=1714"},"modified":"2025-03-22T21:40:19","modified_gmt":"2025-03-22T20:40:19","slug":"que-es","status":"publish","type":"page","link":"https:\/\/coplitele.uib.es\/red\/que-es\/","title":{"rendered":"\u00bfQu\u00e9 es?"},"content":{"rendered":"\n<p>La Red-COPLITELE pretende ser un espacio que permita la conexi\u00f3n, el intercambio de experiencias y el acceso a recursos, publicaciones, artefactos y dem\u00e1s, generados por los integrantes de la red y se convierta en un punto de encuentro entre docentes e investigadores, que utilizan itinerarios de aprendizaje como estrategia para la implementaci\u00f3n de metodolog\u00edas dirigidas a flexibilizar los procesos de ense\u00f1anza-aprendizaje.<br>Donde tambi\u00e9n tengan cabida el an\u00e1lisis, la discusi\u00f3n y la construcci\u00f3n conjunta de protocolos, caracter\u00edsticas, experiencias de usuario, tecnolog\u00eda, mejores pr\u00e1cticas y lecciones aprendidas de otras redes similares.<\/p>\n\n\n\n<p><\/p>\n","protected":false},"excerpt":{"rendered":"<p>La Red-COPLITELE pretende ser un espacio que permita la conexi\u00f3n, el intercambio de experiencias y el acceso a recursos, publicaciones,<\/p>\n","protected":false},"author":1,"featured_media":0,"parent":0,"menu_order":0,"comment_status":"closed","ping_status":"closed","template":"","meta":{"colormag_page_layout":"default_layout","_bbp_topic_count":0,"_bbp_reply_count":0,"_bbp_total_topic_count":0,"_bbp_total_reply_count":0,"_bbp_voice_count":0,"_bbp_anonymous_reply_count":0,"_bbp_topic_count_hidden":0,"_bbp_reply_count_hidden":0,"_bbp_forum_subforum_count":0,"footnotes":""},"class_list":["post-1714","page","type-page","status-publish","hentry"],"_links":{"self":[{"href":"https:\/\/coplitele.uib.es\/red\/wp-json\/wp\/v2\/pages\/1714","targetHints":{"allow":["GET"]}}],"collection":[{"href":"https:\/\/coplitele.uib.es\/red\/wp-json\/wp\/v2\/pages"}],"about":[{"href":"https:\/\/coplitele.uib.es\/red\/wp-json\/wp\/v2\/types\/page"}],"author":[{"embeddable":true,"href":"https:\/\/coplitele.uib.es\/red\/wp-json\/wp\/v2\/users\/1"}],"replies":[{"embeddable":true,"href":"https:\/\/coplitele.uib.es\/red\/wp-json\/wp\/v2\/comments?post=1714"}],"version-history":[{"count":1,"href":"https:\/\/coplitele.uib.es\/red\/wp-json\/wp\/v2\/pages\/1714\/revisions"}],"predecessor-version":[{"id":1715,"href":"https:\/\/coplitele.uib.es\/red\/wp-json\/wp\/v2\/pages\/1714\/revisions\/1715"}],"wp:attachment":[{"href":"https:\/\/coplitele.uib.es\/red\/wp-json\/wp\/v2\/media?parent=1714"}],"curies":[{"name":"wp","href":"https:\/\/api.w.org\/{rel}","templated":true}]}}