{"id":1717,"date":"2025-03-22T21:42:01","date_gmt":"2025-03-22T20:42:01","guid":{"rendered":"https:\/\/coplitele.uib.es\/red\/?page_id=1717"},"modified":"2025-04-08T14:52:45","modified_gmt":"2025-04-08T13:52:45","slug":"de-donde-surge","status":"publish","type":"page","link":"https:\/\/coplitele.uib.es\/red\/de-donde-surge\/","title":{"rendered":"\u00bfDe d\u00f3nde surge?"},"content":{"rendered":"\n<p>La Red-COPLITELE, surge como resultado de los proyectos EDU2017-84223-R &#8220;Estrategias metodol\u00f3gicas para la personalizaci\u00f3n de itinerarios de aprendizaje en entornos enriquecidos por tecnolog\u00eda&#8221; (PLITELE) y PID2020-113101RB-I00,\u201cCodise\u00f1o de itinerarios personales de aprendizaje en entornos conectados en educaci\u00f3n superior (COPLITELE)\u201d, desarrollado por el Grupo de Tecnolog\u00eda Educativa del Instituto de Innovaci\u00f3n e Investigaci\u00f3n Educativa (<a href=\"https:\/\/irie.uib.cat\/\" data-type=\"link\" data-id=\"https:\/\/irie.uib.cat\/\" target=\"_blank\" rel=\"noreferrer noopener\">IRIE<\/a>) de la Universitat de les Illes Balears. Financiado por el Ministerio de Ciencia, Innovaci\u00f3n y Universidades y la Agencia Estatal de Investigaci\u00f3n de Espa\u00f1a.<\/p>\n\n\n\n<p>Ambos proyectos se orientan a potenciar los procesos de aprendizaje a partir de itinerarios flexibles y personales, en entornos enriquecidos con tecnolog\u00eda, basados en la construcci\u00f3n colaborativa de conocimiento y la promoci\u00f3n de la agencia de los estudiantes.<\/p>\n\n\n\n<p><\/p>\n\n\n\n<p><\/p>\n\n\n\n<p><\/p>\n","protected":false},"excerpt":{"rendered":"<p>La Red-COPLITELE, surge como resultado de los proyectos EDU2017-84223-R &#8220;Estrategias metodol\u00f3gicas para la personalizaci\u00f3n de itinerarios de aprendizaje en entornos<\/p>\n","protected":false},"author":1,"featured_media":0,"parent":0,"menu_order":0,"comment_status":"closed","ping_status":"closed","template":"","meta":{"colormag_page_layout":"default_layout","_bbp_topic_count":0,"_bbp_reply_count":0,"_bbp_total_topic_count":0,"_bbp_total_reply_count":0,"_bbp_voice_count":0,"_bbp_anonymous_reply_count":0,"_bbp_topic_count_hidden":0,"_bbp_reply_count_hidden":0,"_bbp_forum_subforum_count":0,"footnotes":""},"class_list":["post-1717","page","type-page","status-publish","hentry"],"_links":{"self":[{"href":"https:\/\/coplitele.uib.es\/red\/wp-json\/wp\/v2\/pages\/1717","targetHints":{"allow":["GET"]}}],"collection":[{"href":"https:\/\/coplitele.uib.es\/red\/wp-json\/wp\/v2\/pages"}],"about":[{"href":"https:\/\/coplitele.uib.es\/red\/wp-json\/wp\/v2\/types\/page"}],"author":[{"embeddable":true,"href":"https:\/\/coplitele.uib.es\/red\/wp-json\/wp\/v2\/users\/1"}],"replies":[{"embeddable":true,"href":"https:\/\/coplitele.uib.es\/red\/wp-json\/wp\/v2\/comments?post=1717"}],"version-history":[{"count":2,"href":"https:\/\/coplitele.uib.es\/red\/wp-json\/wp\/v2\/pages\/1717\/revisions"}],"predecessor-version":[{"id":1842,"href":"https:\/\/coplitele.uib.es\/red\/wp-json\/wp\/v2\/pages\/1717\/revisions\/1842"}],"wp:attachment":[{"href":"https:\/\/coplitele.uib.es\/red\/wp-json\/wp\/v2\/media?parent=1717"}],"curies":[{"name":"wp","href":"https:\/\/api.w.org\/{rel}","templated":true}]}}