{"id":1723,"date":"2025-03-22T21:47:25","date_gmt":"2025-03-22T20:47:25","guid":{"rendered":"https:\/\/coplitele.uib.es\/red\/?page_id=1723"},"modified":"2025-04-08T14:50:08","modified_gmt":"2025-04-08T13:50:08","slug":"que-encontraremos","status":"publish","type":"page","link":"https:\/\/coplitele.uib.es\/red\/que-encontraremos\/","title":{"rendered":"\u00bfQu\u00e9 encontraremos?"},"content":{"rendered":"\n<p>Al formar parte de la red se pone a disposici\u00f3n un espacio en el que compartir diferentes recursos:<\/p>\n\n\n\n<ul class=\"wp-block-list\">\n<li>ESPACIOS DE COMUNICACI\u00d3N como foros, mensajer\u00eda, chat. que propicien una comunicaci\u00f3n tanto formal como informal<\/li>\n\n\n\n<li>HERRAMIENTAS DE INFORMACI\u00d3N que permiten a los usuarios generar y compartir informaci\u00f3n \u00fatil para la comunidad: noticias, eventos, directorio de miembros.<\/li>\n\n\n\n<li>RECURSOS entre los que encontramos:\n<ul class=\"wp-block-list\">\n<li>Documentos y publicaciones relacionadas con el codise\u00f1o y la construcci\u00f3n de itinerarios de aprendizaje.<\/li>\n\n\n\n<li>Experiencias de codise\u00f1o y ejemplos de uso de itinerarios flexibles.<\/li>\n\n\n\n<li>Instrumento de investigaci\u00f3n que apoyen procesos en torno al codise\u00f1o e implementaci\u00f3n de itinerarios.<\/li>\n\n\n\n<li>Herramientas y recursos digitales para el codise\u00f1o y la implementaci\u00f3n de estrategias de cocreaci\u00f3n y construcci\u00f3n de itinerarios flexibles de aprendizaje.<\/li>\n<\/ul>\n<\/li>\n<\/ul>\n\n\n\n<p><\/p>\n","protected":false},"excerpt":{"rendered":"<p>Al formar parte de la red se pone a disposici\u00f3n un espacio en el que compartir diferentes recursos:<\/p>\n","protected":false},"author":1,"featured_media":0,"parent":0,"menu_order":0,"comment_status":"closed","ping_status":"closed","template":"","meta":{"colormag_page_layout":"default_layout","_bbp_topic_count":0,"_bbp_reply_count":0,"_bbp_total_topic_count":0,"_bbp_total_reply_count":0,"_bbp_voice_count":0,"_bbp_anonymous_reply_count":0,"_bbp_topic_count_hidden":0,"_bbp_reply_count_hidden":0,"_bbp_forum_subforum_count":0,"footnotes":""},"class_list":["post-1723","page","type-page","status-publish","hentry"],"_links":{"self":[{"href":"https:\/\/coplitele.uib.es\/red\/wp-json\/wp\/v2\/pages\/1723","targetHints":{"allow":["GET"]}}],"collection":[{"href":"https:\/\/coplitele.uib.es\/red\/wp-json\/wp\/v2\/pages"}],"about":[{"href":"https:\/\/coplitele.uib.es\/red\/wp-json\/wp\/v2\/types\/page"}],"author":[{"embeddable":true,"href":"https:\/\/coplitele.uib.es\/red\/wp-json\/wp\/v2\/users\/1"}],"replies":[{"embeddable":true,"href":"https:\/\/coplitele.uib.es\/red\/wp-json\/wp\/v2\/comments?post=1723"}],"version-history":[{"count":3,"href":"https:\/\/coplitele.uib.es\/red\/wp-json\/wp\/v2\/pages\/1723\/revisions"}],"predecessor-version":[{"id":1840,"href":"https:\/\/coplitele.uib.es\/red\/wp-json\/wp\/v2\/pages\/1723\/revisions\/1840"}],"wp:attachment":[{"href":"https:\/\/coplitele.uib.es\/red\/wp-json\/wp\/v2\/media?parent=1723"}],"curies":[{"name":"wp","href":"https:\/\/api.w.org\/{rel}","templated":true}]}}