{"id":259,"date":"2024-03-08T20:11:47","date_gmt":"2024-03-08T19:11:47","guid":{"rendered":"https:\/\/coplitele.uib.es\/red\/?page_id=259"},"modified":"2025-04-07T22:54:00","modified_gmt":"2025-04-07T21:54:00","slug":"documentos","status":"publish","type":"page","link":"https:\/\/coplitele.uib.es\/red\/documentos\/","title":{"rendered":"Documentos"},"content":{"rendered":"\t\t<div data-elementor-type=\"wp-page\" data-elementor-id=\"259\" class=\"elementor elementor-259\" data-elementor-settings=\"{&quot;element_pack_global_tooltip_width&quot;:{&quot;unit&quot;:&quot;px&quot;,&quot;size&quot;:&quot;&quot;,&quot;sizes&quot;:[]},&quot;element_pack_global_tooltip_width_tablet&quot;:{&quot;unit&quot;:&quot;px&quot;,&quot;size&quot;:&quot;&quot;,&quot;sizes&quot;:[]},&quot;element_pack_global_tooltip_width_mobile&quot;:{&quot;unit&quot;:&quot;px&quot;,&quot;size&quot;:&quot;&quot;,&quot;sizes&quot;:[]},&quot;element_pack_global_tooltip_padding&quot;:{&quot;unit&quot;:&quot;px&quot;,&quot;top&quot;:&quot;&quot;,&quot;right&quot;:&quot;&quot;,&quot;bottom&quot;:&quot;&quot;,&quot;left&quot;:&quot;&quot;,&quot;isLinked&quot;:true},&quot;element_pack_global_tooltip_padding_tablet&quot;:{&quot;unit&quot;:&quot;px&quot;,&quot;top&quot;:&quot;&quot;,&quot;right&quot;:&quot;&quot;,&quot;bottom&quot;:&quot;&quot;,&quot;left&quot;:&quot;&quot;,&quot;isLinked&quot;:true},&quot;element_pack_global_tooltip_padding_mobile&quot;:{&quot;unit&quot;:&quot;px&quot;,&quot;top&quot;:&quot;&quot;,&quot;right&quot;:&quot;&quot;,&quot;bottom&quot;:&quot;&quot;,&quot;left&quot;:&quot;&quot;,&quot;isLinked&quot;:true},&quot;element_pack_global_tooltip_border_radius&quot;:{&quot;unit&quot;:&quot;px&quot;,&quot;top&quot;:&quot;&quot;,&quot;right&quot;:&quot;&quot;,&quot;bottom&quot;:&quot;&quot;,&quot;left&quot;:&quot;&quot;,&quot;isLinked&quot;:true},&quot;element_pack_global_tooltip_border_radius_tablet&quot;:{&quot;unit&quot;:&quot;px&quot;,&quot;top&quot;:&quot;&quot;,&quot;right&quot;:&quot;&quot;,&quot;bottom&quot;:&quot;&quot;,&quot;left&quot;:&quot;&quot;,&quot;isLinked&quot;:true},&quot;element_pack_global_tooltip_border_radius_mobile&quot;:{&quot;unit&quot;:&quot;px&quot;,&quot;top&quot;:&quot;&quot;,&quot;right&quot;:&quot;&quot;,&quot;bottom&quot;:&quot;&quot;,&quot;left&quot;:&quot;&quot;,&quot;isLinked&quot;:true}}\" data-elementor-post-type=\"page\">\n\t\t\t\t\t\t<section data-particle_enable=\"false\" data-particle-mobile-disabled=\"false\" class=\"elementor-section elementor-top-section elementor-element elementor-element-033f221 elementor-section-boxed elementor-section-height-default elementor-section-height-default\" data-id=\"033f221\" data-element_type=\"section\" data-e-type=\"section\" data-settings=\"{&quot;background_background&quot;:&quot;classic&quot;}\">\n\t\t\t\t\t\t<div class=\"elementor-container elementor-column-gap-default\">\n\t\t\t\t\t<div class=\"elementor-column elementor-col-33 elementor-top-column elementor-element elementor-element-72f68c3a\" data-id=\"72f68c3a\" data-element_type=\"column\" data-e-type=\"column\">\n\t\t\t<div class=\"elementor-widget-wrap elementor-element-populated\">\n\t\t\t\t\t\t<div class=\"elementor-element elementor-element-57c7e67c elementor-widget elementor-widget-image\" data-id=\"57c7e67c\" data-element_type=\"widget\" data-e-type=\"widget\" data-widget_type=\"image.default\">\n\t\t\t\t<div class=\"elementor-widget-container\">\n\t\t\t\t\t\t\t\t\t\t\t\t\t\t\t<img decoding=\"async\" width=\"150\" height=\"150\" src=\"https:\/\/coplitele.uib.es\/red\/wp-content\/uploads\/2024\/08\/Documents-Library-icon-150x150.png\" class=\"attachment-thumbnail size-thumbnail wp-image-1130\" alt=\"\" srcset=\"https:\/\/coplitele.uib.es\/red\/wp-content\/uploads\/2024\/08\/Documents-Library-icon-150x150.png 150w, https:\/\/coplitele.uib.es\/red\/wp-content\/uploads\/2024\/08\/Documents-Library-icon-300x300.png 300w, https:\/\/coplitele.uib.es\/red\/wp-content\/uploads\/2024\/08\/Documents-Library-icon.png 512w\" sizes=\"(max-width: 150px) 100vw, 150px\" \/>\t\t\t\t\t\t\t\t\t\t\t\t\t\t\t<\/div>\n\t\t\t\t<\/div>\n\t\t\t\t\t<\/div>\n\t\t<\/div>\n\t\t\t\t<div class=\"elementor-column elementor-col-33 elementor-top-column elementor-element elementor-element-5361a618\" data-id=\"5361a618\" data-element_type=\"column\" data-e-type=\"column\">\n\t\t\t<div class=\"elementor-widget-wrap elementor-element-populated\">\n\t\t\t\t\t\t<div class=\"elementor-element elementor-element-6000ef34 elementor-widget elementor-widget-heading\" data-id=\"6000ef34\" data-element_type=\"widget\" data-e-type=\"widget\" data-widget_type=\"heading.default\">\n\t\t\t\t<div class=\"elementor-widget-container\">\n\t\t\t\t\t<h2 class=\"elementor-heading-title elementor-size-default\"><a href=\"https:\/\/coplitele.uib.es\/red\/documentos\/\">Documentos<\/a><\/h2>\t\t\t\t<\/div>\n\t\t\t\t<\/div>\n\t\t\t\t\t<\/div>\n\t\t<\/div>\n\t\t\t\t<div class=\"elementor-column elementor-col-33 elementor-top-column elementor-element elementor-element-0a8f45a\" data-id=\"0a8f45a\" data-element_type=\"column\" data-e-type=\"column\">\n\t\t\t<div class=\"elementor-widget-wrap elementor-element-populated\">\n\t\t\t\t\t\t\t<\/div>\n\t\t<\/div>\n\t\t\t\t\t<\/div>\n\t\t<\/section>\n\t\t\t\t<section data-particle_enable=\"false\" data-particle-mobile-disabled=\"false\" class=\"elementor-section elementor-top-section elementor-element elementor-element-56966c7 elementor-section-boxed elementor-section-height-default elementor-section-height-default\" data-id=\"56966c7\" data-element_type=\"section\" data-e-type=\"section\" data-settings=\"{&quot;background_background&quot;:&quot;classic&quot;}\">\n\t\t\t\t\t\t<div class=\"elementor-container elementor-column-gap-default\">\n\t\t\t\t\t<div class=\"elementor-column elementor-col-50 elementor-top-column elementor-element elementor-element-6144a46\" data-id=\"6144a46\" data-element_type=\"column\" data-e-type=\"column\">\n\t\t\t<div class=\"elementor-widget-wrap\">\n\t\t\t\t\t\t\t<\/div>\n\t\t<\/div>\n\t\t\t\t<div class=\"elementor-column elementor-col-50 elementor-top-column elementor-element elementor-element-6fe74a2\" data-id=\"6fe74a2\" data-element_type=\"column\" data-e-type=\"column\">\n\t\t\t<div class=\"elementor-widget-wrap elementor-element-populated\">\n\t\t\t\t\t\t<div class=\"elementor-element elementor-element-2ed4e04 elementor-widget elementor-widget-text-editor\" data-id=\"2ed4e04\" data-element_type=\"widget\" data-e-type=\"widget\" data-widget_type=\"text-editor.default\">\n\t\t\t\t<div class=\"elementor-widget-container\">\n\t\t\t\t\t\t\t\t\t<p>Son materiales que pueden incluir art\u00edculos acad\u00e9micos, gu\u00edas, reportes, pol\u00edticas educativas, y cualquier otro recurso que sirva de base para el aprendizaje o la reflexi\u00f3n en torno a temas relacionados con itinerarios de aprendizaje y codise\u00f1o curricular.<\/p>\t\t\t\t\t\t\t\t<\/div>\n\t\t\t\t<\/div>\n\t\t\t\t\t<\/div>\n\t\t<\/div>\n\t\t\t\t\t<\/div>\n\t\t<\/section>\n\t\t\t\t<section data-particle_enable=\"false\" data-particle-mobile-disabled=\"false\" class=\"elementor-section elementor-top-section elementor-element elementor-element-ada1529 elementor-section-boxed elementor-section-height-default elementor-section-height-default\" data-id=\"ada1529\" data-element_type=\"section\" data-e-type=\"section\">\n\t\t\t\t\t\t<div class=\"elementor-container elementor-column-gap-default\">\n\t\t\t\t\t<div class=\"elementor-column elementor-col-100 elementor-top-column elementor-element elementor-element-a8e9d39\" data-id=\"a8e9d39\" data-element_type=\"column\" data-e-type=\"column\">\n\t\t\t<div class=\"elementor-widget-wrap elementor-element-populated\">\n\t\t\t\t\t\t<div class=\"elementor-element elementor-element-d84d278 elementor-widget elementor-widget-shortcode\" data-id=\"d84d278\" data-element_type=\"widget\" data-e-type=\"widget\" data-widget_type=\"shortcode.default\">\n\t\t\t\t<div class=\"elementor-widget-container\">\n\t\t\t\t\t\t\t<div class=\"elementor-shortcode\"><form autocomplete=\"off\" action=\"\/red\/wp-json\/wp\/v2\/pages\/259\" method=\"get\" class=\"wpv-filter-form js-wpv-filter-form js-wpv-filter-form-459 js-wpv-form-only js-wpv-dps-enabled js-wpv-ajax-results-enabled\" data-viewnumber=\"459\" data-targetid=\"self\" data-viewid=\"459\" data-viewhash=\"eyJuYW1lIjoiZG9jdW1lbnRvcy1jb24tYnVzcXVlZGEiLCJ0YXJnZXRfaWQiOiJzZWxmIn0=\" data-viewwidgetid=\"0\" data-orderby=\"\" data-order=\"\" data-orderbyas=\"\" data-orderbysecond=\"\" data-ordersecond=\"\" data-parametric=\"{&quot;query&quot;:&quot;normal&quot;,&quot;id&quot;:&quot;459&quot;,&quot;view_id&quot;:&quot;459&quot;,&quot;widget_id&quot;:0,&quot;view_hash&quot;:&quot;459&quot;,&quot;action&quot;:&quot;\/red\/wp-json\/wp\/v2\/pages\/259&quot;,&quot;sort&quot;:{&quot;orderby&quot;:&quot;&quot;,&quot;order&quot;:&quot;&quot;,&quot;orderby_as&quot;:&quot;&quot;,&quot;orderby_second&quot;:&quot;&quot;,&quot;order_second&quot;:&quot;&quot;},&quot;orderby&quot;:&quot;&quot;,&quot;order&quot;:&quot;&quot;,&quot;orderby_as&quot;:&quot;&quot;,&quot;orderby_second&quot;:&quot;&quot;,&quot;order_second&quot;:&quot;&quot;,&quot;ajax_form&quot;:&quot;&quot;,&quot;ajax_results&quot;:&quot;&quot;,&quot;effect&quot;:&quot;fade&quot;,&quot;prebefore&quot;:&quot;&quot;,&quot;before&quot;:&quot;&quot;,&quot;after&quot;:&quot;&quot;,&quot;attributes&quot;:[],&quot;environment&quot;:{&quot;current_post_id&quot;:0,&quot;parent_post_id&quot;:0,&quot;parent_term_id&quot;:0,&quot;parent_user_id&quot;:0,&quot;archive&quot;:{&quot;type&quot;:&quot;&quot;,&quot;name&quot;:&quot;&quot;,&quot;data&quot;:[]}},&quot;loop&quot;:{&quot;type&quot;:&quot;&quot;,&quot;name&quot;:&quot;&quot;,&quot;data&quot;:[],&quot;id&quot;:0}}\" data-attributes=\"[]\" data-environment=\"{&quot;current_post_id&quot;:0,&quot;parent_post_id&quot;:0,&quot;parent_term_id&quot;:0,&quot;parent_user_id&quot;:0,&quot;archive&quot;:{&quot;type&quot;:&quot;&quot;,&quot;name&quot;:&quot;&quot;,&quot;data&quot;:[]}}\"><input type=\"hidden\" class=\"js-wpv-dps-filter-data js-wpv-filter-data-for-this-form\" data-action=\"\/red\/wp-json\/wp\/v2\/pages\/259\" data-page=\"1\" data-ajax=\"disable\" data-effect=\"fade\" data-ajaxprebefore=\"\" data-ajaxbefore=\"\" data-ajaxafter=\"\" \/><input class=\"wpv_view_count wpv_view_count-459\" type=\"hidden\" name=\"wpv_view_count\" value=\"459\" \/>\n\n<div class=\"form-group\">\n\t<label for=\"wpv-post-search\"><\/label>\n\t<input type=\"text\" name=\"wpv_post_search\"  class=\"js-wpv-filter-trigger-delayed form-control\" placeholder=\"Buscar texto\" \/>\n<\/div>\n<div class=\"row\">\n\t<div class=\"col-md-3\"><div class=\"form-group\">\n\t<label for=\"wpv-wpcf-ano\"><\/label>\n\t<select id=\"wpv_control_select_wpcf-ano\" name=\"wpv-wpcf-ano\" class=\"js-wpv-filter-trigger form-control\"><option value=\"\" selected=\"selected\">--a\u00f1o--<\/option><\/select>\n<\/div><\/div>\n\t<div class=\"col-md-3\"><div class=\"form-group\">\n\t<label for=\"wpv-palabra-clave\"><\/label>\n\t\n<\/div><\/div>\n\t<div class=\"col-md-3\"><div class=\"form-group\">\n\t<label for=\"wpv-wpcf-tipo-de-documento-campo\"><\/label>\n\t<select id=\"wpv_control_select_wpcf-tipo-de-documento-campo\" name=\"wpv-wpcf-tipo-de-documento-campo\" class=\"js-wpv-filter-trigger form-control\"><option value=\"\" selected=\"selected\">-- tipo --<\/option><\/select>\n<\/div><\/div>\n\t<div class=\"col-md-3\"><input type=\"button\" class=\"wpv-reset-trigger js-wpv-reset-trigger btn\" name=\"wpv_filter_reset\" value=\"Reiniciar filtros\" \/><\/div>\n<\/div>\n\n\n<\/form><\/div>\n\t\t\t\t\t\t<\/div>\n\t\t\t\t<\/div>\n\t\t\t\t<div class=\"elementor-element elementor-element-e22b5bc elementor-widget elementor-widget-toolset-view\" data-id=\"e22b5bc\" data-element_type=\"widget\" data-e-type=\"widget\" data-widget_type=\"toolset-view.default\">\n\t\t\t\t<div class=\"elementor-widget-container\">\n\t\t\t\t\t\n\n<form style=\"display:none;\" autocomplete=\"off\" name=\"wpv-filter-459\" action=\"\/red\/wp-json\/wp\/v2\/pages\/259?wpv_view_count=459\" method=\"get\" class=\"wpv-filter-form js-wpv-filter-form js-wpv-filter-form-459 js-wpv-form-full js-wpv-dps-enabled js-wpv-ajax-results-enabled\" data-viewnumber=\"459\" data-viewid=\"459\" data-viewhash=\"eyJpZCI6NDU5LCJvcmRlciI6ImRlZmF1bHQiLCJvcmRlcmJ5X3NlY29uZCI6ImRlZmF1bHQiLCJvcmRlcl9zZWNvbmQiOiJkZWZhdWx0Iiwidmlld19kaXNwbGF5IjoibGF5b3V0In0=\" data-viewwidgetid=\"0\" data-orderby=\"\" data-order=\"\" data-orderbyas=\"\" data-orderbysecond=\"\" data-ordersecond=\"\" data-parametric=\"{&quot;query&quot;:&quot;normal&quot;,&quot;id&quot;:459,&quot;view_id&quot;:459,&quot;widget_id&quot;:0,&quot;view_hash&quot;:&quot;459&quot;,&quot;action&quot;:&quot;\\\/red\\\/wp-json\\\/wp\\\/v2\\\/pages\\\/259?wpv_view_count=459&quot;,&quot;sort&quot;:{&quot;orderby&quot;:&quot;&quot;,&quot;order&quot;:&quot;&quot;,&quot;orderby_as&quot;:&quot;&quot;,&quot;orderby_second&quot;:&quot;&quot;,&quot;order_second&quot;:&quot;&quot;},&quot;orderby&quot;:&quot;&quot;,&quot;order&quot;:&quot;&quot;,&quot;orderby_as&quot;:&quot;&quot;,&quot;orderby_second&quot;:&quot;&quot;,&quot;order_second&quot;:&quot;&quot;,&quot;ajax_form&quot;:&quot;&quot;,&quot;ajax_results&quot;:&quot;&quot;,&quot;effect&quot;:&quot;fade&quot;,&quot;prebefore&quot;:&quot;&quot;,&quot;before&quot;:&quot;&quot;,&quot;after&quot;:&quot;&quot;,&quot;attributes&quot;:{&quot;id&quot;:459,&quot;order&quot;:&quot;default&quot;,&quot;orderby_second&quot;:&quot;default&quot;,&quot;order_second&quot;:&quot;default&quot;,&quot;view_display&quot;:&quot;layout&quot;},&quot;environment&quot;:{&quot;current_post_id&quot;:259,&quot;parent_post_id&quot;:259,&quot;parent_term_id&quot;:0,&quot;parent_user_id&quot;:0,&quot;archive&quot;:{&quot;type&quot;:&quot;&quot;,&quot;name&quot;:&quot;&quot;,&quot;data&quot;:[]}},&quot;loop&quot;:{&quot;type&quot;:&quot;&quot;,&quot;name&quot;:&quot;&quot;,&quot;data&quot;:[],&quot;id&quot;:0}}\" data-attributes=\"{&quot;id&quot;:459,&quot;order&quot;:&quot;default&quot;,&quot;orderby_second&quot;:&quot;default&quot;,&quot;order_second&quot;:&quot;default&quot;,&quot;view_display&quot;:&quot;layout&quot;}\" data-environment=\"{&quot;current_post_id&quot;:259,&quot;parent_post_id&quot;:259,&quot;parent_term_id&quot;:0,&quot;parent_user_id&quot;:0,&quot;archive&quot;:{&quot;type&quot;:&quot;&quot;,&quot;name&quot;:&quot;&quot;,&quot;data&quot;:[]}}\"><input type=\"hidden\" class=\"js-wpv-dps-filter-data js-wpv-filter-data-for-this-form\" data-action=\"\/red\/wp-json\/wp\/v2\/pages\/259?wpv_view_count=459\" data-page=\"1\" data-ajax=\"enable\" data-effect=\"fade\" data-maxpages=\"0\" data-ajaxprebefore=\"\" data-ajaxbefore=\"\" data-ajaxafter=\"\" \/><input class=\"wpv_view_count wpv_view_count-459\" type=\"hidden\" name=\"wpv_view_count\" value=\"459\" \/>\n\n<div class=\"form-group\">\n\t<label for=\"wpv-post-search\"><\/label>\n\t<input type=\"text\" name=\"wpv_post_search\"  class=\"js-wpv-filter-trigger-delayed form-control\" placeholder=\"Buscar texto\" \/>\n<\/div>\n<div class=\"row\">\n\t<div class=\"col-md-3\"><div class=\"form-group\">\n\t<label for=\"wpv-wpcf-ano\"><\/label>\n\t<select id=\"wpv_control_select_wpcf-ano\" name=\"wpv-wpcf-ano\" class=\"js-wpv-filter-trigger form-control\"><option value=\"\" selected=\"selected\">--a\u00f1o--<\/option><\/select>\n<\/div><\/div>\n\t<div class=\"col-md-3\"><div class=\"form-group\">\n\t<label for=\"wpv-palabra-clave\"><\/label>\n\t\n<\/div><\/div>\n\t<div class=\"col-md-3\"><div class=\"form-group\">\n\t<label for=\"wpv-wpcf-tipo-de-documento-campo\"><\/label>\n\t<select id=\"wpv_control_select_wpcf-tipo-de-documento-campo\" name=\"wpv-wpcf-tipo-de-documento-campo\" class=\"js-wpv-filter-trigger form-control\"><option value=\"\" selected=\"selected\">-- tipo --<\/option><\/select>\n<\/div><\/div>\n\t<div class=\"col-md-3\"><input type=\"button\" class=\"wpv-reset-trigger js-wpv-reset-trigger btn\" name=\"wpv_filter_reset\" value=\"Reiniciar filtros\" \/><\/div>\n<\/div>\n\n\n<\/form>\n\n<div id=\"wpv-view-layout-459\" class=\"js-wpv-view-layout js-wpv-layout-responsive js-wpv-view-layout-459\" data-viewnumber=\"459\" data-pagination=\"{&quot;id&quot;:459,&quot;query&quot;:&quot;normal&quot;,&quot;type&quot;:&quot;disabled&quot;,&quot;effect&quot;:&quot;fade&quot;,&quot;duration&quot;:&quot;500&quot;,&quot;speed&quot;:&quot;5&quot;,&quot;pause_on_hover&quot;:&quot;disabled&quot;,&quot;stop_rollover&quot;:&quot;false&quot;,&quot;cache_pages&quot;:&quot;enabled&quot;,&quot;preload_images&quot;:&quot;enabled&quot;,&quot;preload_pages&quot;:&quot;enabled&quot;,&quot;preload_reach&quot;:&quot;1&quot;,&quot;spinner&quot;:&quot;builtin&quot;,&quot;spinner_image&quot;:&quot;https:\/\/covif.uib.es\/wp-content\/plugins\/wp-views\/embedded\/res\/img\/ajax-loader.gif&quot;,&quot;callback_next&quot;:&quot;&quot;,&quot;manage_history&quot;:&quot;enabled&quot;,&quot;has_controls_in_form&quot;:&quot;disabled&quot;,&quot;infinite_tolerance&quot;:&quot;0&quot;,&quot;max_pages&quot;:0,&quot;page&quot;:1,&quot;base_permalink&quot;:&quot;\/red\/wp-json\/wp\/v2\/pages\/259?wpv_view_count=459&amp;wpv_paged=WPV_PAGE_NUM&quot;,&quot;loop&quot;:{&quot;type&quot;:&quot;&quot;,&quot;name&quot;:&quot;&quot;,&quot;data&quot;:[],&quot;id&quot;:0}}\" data-permalink=\"\/red\/wp-json\/wp\/v2\/pages\/259?wpv_view_count=459\">\n\n    \n    \n        <strong>No hay resultados en la b\u00fasqueda, prueba con otros par\u00e1metros<\/strong>\n    \n<\/div>\n\t\t\t\t<\/div>\n\t\t\t\t<\/div>\n\t\t\t\t\t<\/div>\n\t\t<\/div>\n\t\t\t\t\t<\/div>\n\t\t<\/section>\n\t\t\t\t<section data-particle_enable=\"false\" data-particle-mobile-disabled=\"false\" class=\"elementor-section elementor-top-section elementor-element elementor-element-59d0618 elementor-section-boxed elementor-section-height-default elementor-section-height-default\" data-id=\"59d0618\" data-element_type=\"section\" data-e-type=\"section\">\n\t\t\t\t\t\t<div class=\"elementor-container elementor-column-gap-default\">\n\t\t\t\t\t<div class=\"elementor-column elementor-col-100 elementor-top-column elementor-element elementor-element-51aee94\" data-id=\"51aee94\" data-element_type=\"column\" data-e-type=\"column\">\n\t\t\t<div class=\"elementor-widget-wrap\">\n\t\t\t\t\t\t\t<\/div>\n\t\t<\/div>\n\t\t\t\t\t<\/div>\n\t\t<\/section>\n\t\t\t\t<\/div>\n\t\t","protected":false},"excerpt":{"rendered":"<p>Documentos + A\u00f1adir documento Son materiales que pueden incluir art\u00edculos acad\u00e9micos, gu\u00edas, reportes, pol\u00edticas educativas, y cualquier otro recurso que<\/p>\n","protected":false},"author":1,"featured_media":0,"parent":0,"menu_order":0,"comment_status":"closed","ping_status":"closed","template":"","meta":{"colormag_page_layout":"default_layout","_bbp_topic_count":0,"_bbp_reply_count":0,"_bbp_total_topic_count":0,"_bbp_total_reply_count":0,"_bbp_voice_count":0,"_bbp_anonymous_reply_count":0,"_bbp_topic_count_hidden":0,"_bbp_reply_count_hidden":0,"_bbp_forum_subforum_count":0,"footnotes":""},"class_list":["post-259","page","type-page","status-publish","hentry"],"_links":{"self":[{"href":"https:\/\/coplitele.uib.es\/red\/wp-json\/wp\/v2\/pages\/259","targetHints":{"allow":["GET"]}}],"collection":[{"href":"https:\/\/coplitele.uib.es\/red\/wp-json\/wp\/v2\/pages"}],"about":[{"href":"https:\/\/coplitele.uib.es\/red\/wp-json\/wp\/v2\/types\/page"}],"author":[{"embeddable":true,"href":"https:\/\/coplitele.uib.es\/red\/wp-json\/wp\/v2\/users\/1"}],"replies":[{"embeddable":true,"href":"https:\/\/coplitele.uib.es\/red\/wp-json\/wp\/v2\/comments?post=259"}],"version-history":[{"count":21,"href":"https:\/\/coplitele.uib.es\/red\/wp-json\/wp\/v2\/pages\/259\/revisions"}],"predecessor-version":[{"id":1834,"href":"https:\/\/coplitele.uib.es\/red\/wp-json\/wp\/v2\/pages\/259\/revisions\/1834"}],"wp:attachment":[{"href":"https:\/\/coplitele.uib.es\/red\/wp-json\/wp\/v2\/media?parent=259"}],"curies":[{"name":"wp","href":"https:\/\/api.w.org\/{rel}","templated":true}]}}